{"id":9249,"date":"2024-02-09T11:43:07","date_gmt":"2024-02-09T16:43:07","guid":{"rendered":"https:\/\/theskinpoweracademy.com\/?post_type=product&#038;p=9249"},"modified":"2025-10-14T11:22:17","modified_gmt":"2025-10-14T15:22:17","slug":"microneedling-course","status":"publish","type":"product","link":"https:\/\/theskinpoweracademy.com\/es\/producto\/microneedling-course\/","title":{"rendered":"MICROAGULAS"},"content":{"rendered":"<p>En nuestro curso de microneedling para est\u00e9tica, aprender\u00e1s las t\u00e9cnicas m\u00e1s avanzadas para rejuvenecer la piel. Desde la teor\u00eda hasta la pr\u00e1ctica, te equiparemos con las habilidades necesarias para personalizar tratamientos efectivos que aborden arrugas, cicatrices y m\u00e1s. Con la orientaci\u00f3n de expertos en dermatolog\u00eda y est\u00e9tica, te convertir\u00e1s en un profesional capacitado para ofrecer resultados transformadores y duraderos para tus clientes.<\/p>","protected":false},"excerpt":{"rendered":"<p>En nuestro curso de microneedling para est\u00e9tica, aprender\u00e1s las t\u00e9cnicas m\u00e1s avanzadas para rejuvenecer la piel. Desde la teor\u00eda hasta la pr\u00e1ctica, te equiparemos con las habilidades necesarias para personalizar tratamientos efectivos que aborden arrugas, cicatrices y m\u00e1s. Con la orientaci\u00f3n de expertos en dermatolog\u00eda y est\u00e9tica, te convertir\u00e1s en un profesional capacitado para ofrecer resultados transformadores y duraderos para tus clientes.<\/p>","protected":false},"featured_media":9192,"comment_status":"open","ping_status":"closed","template":"","meta":[],"product_brand":[],"product_cat":[73],"product_tag":[],"class_list":{"0":"post-9249","1":"product","2":"type-product","3":"status-publish","4":"has-post-thumbnail","6":"product_cat-beauty","8":"first","9":"instock","10":"virtual","11":"sold-individually","12":"purchasable","13":"product-type-simple"},"_links":{"self":[{"href":"https:\/\/theskinpoweracademy.com\/es\/wp-json\/wp\/v2\/product\/9249","targetHints":{"allow":["GET"]}}],"collection":[{"href":"https:\/\/theskinpoweracademy.com\/es\/wp-json\/wp\/v2\/product"}],"about":[{"href":"https:\/\/theskinpoweracademy.com\/es\/wp-json\/wp\/v2\/types\/product"}],"replies":[{"embeddable":true,"href":"https:\/\/theskinpoweracademy.com\/es\/wp-json\/wp\/v2\/comments?post=9249"}],"version-history":[{"count":0,"href":"https:\/\/theskinpoweracademy.com\/es\/wp-json\/wp\/v2\/product\/9249\/revisions"}],"wp:featuredmedia":[{"embeddable":true,"href":"https:\/\/theskinpoweracademy.com\/es\/wp-json\/wp\/v2\/media\/9192"}],"wp:attachment":[{"href":"https:\/\/theskinpoweracademy.com\/es\/wp-json\/wp\/v2\/media?parent=9249"}],"wp:term":[{"taxonomy":"product_brand","embeddable":true,"href":"https:\/\/theskinpoweracademy.com\/es\/wp-json\/wp\/v2\/product_brand?post=9249"},{"taxonomy":"product_cat","embeddable":true,"href":"https:\/\/theskinpoweracademy.com\/es\/wp-json\/wp\/v2\/product_cat?post=9249"},{"taxonomy":"product_tag","embeddable":true,"href":"https:\/\/theskinpoweracademy.com\/es\/wp-json\/wp\/v2\/product_tag?post=9249"}],"curies":[{"name":"wp","href":"https:\/\/api.w.org\/{rel}","templated":true}]}}