{"id":8406,"date":"2023-09-22T16:18:02","date_gmt":"2023-09-22T20:18:02","guid":{"rendered":"https:\/\/theskinpoweracademy.com\/?page_id=8406"},"modified":"2023-09-25T18:59:21","modified_gmt":"2023-09-25T22:59:21","slug":"terms-and-conditions","status":"publish","type":"page","link":"https:\/\/theskinpoweracademy.com\/es\/terms-and-conditions\/","title":{"rendered":"T\u00e9rminos y condiciones"},"content":{"rendered":"<div data-elementor-type=\"wp-page\" data-elementor-id=\"8406\" class=\"elementor elementor-8406\" data-elementor-post-type=\"page\">\n\t\t\t\t\t\t<section class=\"elementor-section elementor-top-section elementor-element elementor-element-b15f891 elementor-section-height-min-height elementor-section-boxed elementor-section-height-default elementor-section-items-middle\" data-id=\"b15f891\" data-element_type=\"section\" data-e-type=\"section\" data-settings=\"{&quot;ekit_has_onepagescroll_dot&quot;:&quot;yes&quot;}\">\n\t\t\t\t\t\t<div class=\"elementor-container elementor-column-gap-default\">\n\t\t\t\t\t<div class=\"elementor-column elementor-col-100 elementor-top-column elementor-element elementor-element-3f8fd27\" data-id=\"3f8fd27\" data-element_type=\"column\" data-e-type=\"column\">\n\t\t\t<div class=\"elementor-widget-wrap elementor-element-populated\">\n\t\t\t\t\t\t<div class=\"elementor-element elementor-element-e205cce elementor-widget elementor-widget-heading\" data-id=\"e205cce\" data-element_type=\"widget\" data-e-type=\"widget\" data-settings=\"{&quot;ekit_we_effect_on&quot;:&quot;none&quot;}\" data-widget_type=\"heading.default\">\n\t\t\t\t<div class=\"elementor-widget-container\">\n\t\t\t\t\t<h2 class=\"elementor-heading-title elementor-size-default\">Nuestro<\/h2>\t\t\t\t<\/div>\n\t\t\t\t<\/div>\n\t\t\t\t<div class=\"elementor-element elementor-element-7c16568 elementor-widget elementor-widget-heading\" data-id=\"7c16568\" data-element_type=\"widget\" data-e-type=\"widget\" data-settings=\"{&quot;ekit_we_effect_on&quot;:&quot;none&quot;}\" data-widget_type=\"heading.default\">\n\t\t\t\t<div class=\"elementor-widget-container\">\n\t\t\t\t\t<h2 class=\"elementor-heading-title elementor-size-default\">T\u00e9rminos y condiciones<\/h2>\t\t\t\t<\/div>\n\t\t\t\t<\/div>\n\t\t\t\t\t<\/div>\n\t\t<\/div>\n\t\t\t\t\t<\/div>\n\t\t<\/section>\n\t\t\t\t<section class=\"elementor-section elementor-top-section elementor-element elementor-element-d885491 elementor-section-boxed elementor-section-height-default elementor-section-height-default\" data-id=\"d885491\" data-element_type=\"section\" data-e-type=\"section\" data-settings=\"{&quot;ekit_has_onepagescroll_dot&quot;:&quot;yes&quot;}\">\n\t\t\t\t\t\t<div class=\"elementor-container elementor-column-gap-default\">\n\t\t\t\t\t<div class=\"elementor-column elementor-col-100 elementor-top-column elementor-element elementor-element-4fd4ce3\" data-id=\"4fd4ce3\" data-element_type=\"column\" data-e-type=\"column\">\n\t\t\t<div class=\"elementor-widget-wrap elementor-element-populated\">\n\t\t\t\t\t\t<div class=\"elementor-element elementor-element-6c34952 elementor-widget elementor-widget-text-editor\" data-id=\"6c34952\" data-element_type=\"widget\" data-e-type=\"widget\" data-settings=\"{&quot;ekit_we_effect_on&quot;:&quot;none&quot;}\" data-widget_type=\"text-editor.default\">\n\t\t\t\t<div class=\"elementor-widget-container\">\n\t\t\t\t\t\t\t\t\t<p>\u00daltima actualizaci\u00f3n: 22\/09\/2023<\/p><h3>Introducci\u00f3n<\/h3><p>\u00a1Bienvenido a la Academia Skin Power! Estos T\u00e9rminos y condiciones rigen el uso de nuestro sitio web. Al acceder o utilizar nuestro sitio web, usted acepta cumplir con estos T\u00e9rminos y condiciones.<\/p><h3>Propiedad intelectual<\/h3><p>Todo el contenido, marcas comerciales, logotipos y propiedad intelectual que se muestran en este sitio web son propiedad de The Skin Power Academy. No puede utilizar, reproducir, distribuir ni modificar ning\u00fan contenido sin nuestro consentimiento previo por escrito.<\/p><h3>Cuentas de usuario<\/h3><p>a. Para acceder a determinadas funciones, es posible que deba crear una cuenta de usuario. Usted es responsable de mantener la confidencialidad de la informaci\u00f3n de su cuenta y de todas las actividades que ocurran en su cuenta.<\/p><p>b. Usted acepta proporcionar informaci\u00f3n precisa y completa al crear su cuenta.<\/p><h3>Pol\u00edtica de Privacidad<\/h3><p>Por favor revise nuestro <span style=\"text-decoration: underline;\"><a href=\"https:\/\/theskinpoweracademy.com\/es\/privacy-policy-2\/\" target=\"_new\">Pol\u00edtica de Privacidad<\/a><\/span> para comprender c\u00f3mo recopilamos, utilizamos y salvaguardamos su informaci\u00f3n.<\/p><h3>Contenido del usuario<\/h3><p>a. Al enviar cualquier contenido a nuestro sitio web, nos otorga una licencia no exclusiva, mundial y libre de regal\u00edas para usar, copiar, mostrar y distribuir su contenido.<\/p><p>b. Acepta no enviar contenido que viole los derechos de terceros, sea da\u00f1ino, amenazante o viole cualquier ley aplicable.<\/p><h3>Limitaci\u00f3n de responsabilidad<\/h3><p>No somos responsables de ning\u00fan da\u00f1o directo, indirecto, incidental, consecuente o punitivo que surja de su acceso o uso de nuestro sitio web.<\/p><h3>Ley que rige<\/h3><p>Estos T\u00e9rminos y condiciones se rigen por las leyes de Florida.<\/p>\t\t\t\t\t\t\t\t<\/div>\n\t\t\t\t<\/div>\n\t\t\t\t\t<\/div>\n\t\t<\/div>\n\t\t\t\t\t<\/div>\n\t\t<\/section>\n\t\t\t\t<\/div>","protected":false},"excerpt":{"rendered":"<p>Nuestros t\u00e9rminos y condiciones \u00daltima actualizaci\u00f3n: 22\/09\/2023 Introducci\u00f3n \u00a1Bienvenido a The Skin Power Academy! Estos T\u00e9rminos y condiciones rigen su<\/p>","protected":false},"author":2,"featured_media":0,"parent":0,"menu_order":0,"comment_status":"closed","ping_status":"closed","template":"elementor_header_footer","meta":{"_tutorstarter_page_metadata":[],"footnotes":""},"class_list":["post-8406","page","type-page","status-publish","hentry"],"_links":{"self":[{"href":"https:\/\/theskinpoweracademy.com\/es\/wp-json\/wp\/v2\/pages\/8406","targetHints":{"allow":["GET"]}}],"collection":[{"href":"https:\/\/theskinpoweracademy.com\/es\/wp-json\/wp\/v2\/pages"}],"about":[{"href":"https:\/\/theskinpoweracademy.com\/es\/wp-json\/wp\/v2\/types\/page"}],"author":[{"embeddable":true,"href":"https:\/\/theskinpoweracademy.com\/es\/wp-json\/wp\/v2\/users\/2"}],"replies":[{"embeddable":true,"href":"https:\/\/theskinpoweracademy.com\/es\/wp-json\/wp\/v2\/comments?post=8406"}],"version-history":[{"count":0,"href":"https:\/\/theskinpoweracademy.com\/es\/wp-json\/wp\/v2\/pages\/8406\/revisions"}],"wp:attachment":[{"href":"https:\/\/theskinpoweracademy.com\/es\/wp-json\/wp\/v2\/media?parent=8406"}],"curies":[{"name":"wp","href":"https:\/\/api.w.org\/{rel}","templated":true}]}}